{"id":4861,"date":"2025-08-21T16:47:45","date_gmt":"2025-08-21T16:47:45","guid":{"rendered":"https:\/\/thebrandcc.com\/?page_id=4861"},"modified":"2025-10-25T17:05:24","modified_gmt":"2025-10-25T17:05:24","slug":"our-branding-packs","status":"publish","type":"page","link":"http:\/\/thebrandcc.com\/es\/our-branding-packs\/","title":{"rendered":"Nuestros Packs de Branding"},"content":{"rendered":"<h1>Soluciones Estrat\u00e9gicas de Branding<\/h1>\n<div>\n<p>El branding es una de las inversiones m\u00e1s importantes para tu negocio. <strong>Nuestros Packs de Branding<\/strong> est\u00e1n dise\u00f1ados para ofrecer soluciones claras en cada etapa \u2014 desde el lanzamiento de una nueva empresa hasta el crecimiento de una marca ya establecida. Selecciona el pack que mejor se adapte a la etapa y objetivos de tu negocio.<\/p>\n<\/div>\n<h1>Soluciones Estrat\u00e9gicas de Branding<\/h1>\n<div>\n<p>El branding es una de las inversiones m\u00e1s importantes para tu negocio. <strong>Nuestros Packs de Branding<\/strong> est\u00e1n dise\u00f1ados para ofrecer soluciones claras en cada etapa \u2014 desde el lanzamiento de una nueva empresa hasta el crecimiento de una marca ya establecida. Selecciona el pack que mejor se adapte a la etapa y objetivos de tu negocio.<\/p>\n<\/div>\n<h1>Explora nuestros Packs de Branding<\/h1>\n<ul>\n<li>\n<h3>1. Starter Pack ?<\/h3>\n<p>\u2014 Para nuevos emprendedores<\/p>\n<div>\n<h5 data-start=\"939\" data-end=\"1099\">La inversi\u00f3n comienza<br \/>en $3.000 USD<\/h5>\n<p data-start=\"939\" data-end=\"1099\">Ideal para peque\u00f1os negocios. Nos enfocamos en construir una base s\u00f3lida que le d\u00e9 a tu marca claridad y confianza desde el primer d\u00eda.<\/p>\n<hr \/>\n<p><strong data-start=\"1103\" data-end=\"1111\">Logo<\/strong>: definici\u00f3n crom\u00e1tica completa (RGB, CMYK, HEX, Pantone)<\/p>\n<hr \/>\n<p><strong data-start=\"1150\" data-end=\"1167\">Paleta de colores<\/strong>: definici\u00f3n crom\u00e1tica completa (RGB, CMYK, HEX, Pantone)<\/p>\n<hr \/>\n<p><strong data-start=\"1225\" data-end=\"1239\">Tipograf\u00eda<\/strong>: selecci\u00f3n tipogr\u00e1fica b\u00e1sica<\/p>\n<hr \/>\n<p><strong data-start=\"1266\" data-end=\"1288\">Aplicaciones b\u00e1sicas<\/strong>: 3 piezas de dise\u00f1o adaptadas a tu industria<\/p>\n<hr \/>\n<p><strong data-start=\"1336\" data-end=\"1362\">Gu\u00eda b\u00e1sica de marca<\/strong>: reglas esenciales de uso<\/p>\n<hr \/>\n<p><strong data-start=\"1390\" data-end=\"1408\">Entrega final<\/strong>: archivos editables listos para impresi\u00f3n y uso digital (AI, PDF, JPG, PNG)<\/p>\n<\/div>\n<\/li>\n<li>\n<h3>2. Growth Pack ?<\/h3>\n<p>\u2014 para negocios en crecimiento<\/p>\n<div>\n<h5 data-start=\"939\" data-end=\"1099\">La inversi\u00f3n comienza<br \/>at $5.000 USD <em>\u2013\u00a0Best Seller ?<\/em><\/h5>\n<div class=\"el-content uk-margin-top\">\n<p data-start=\"1558\" data-end=\"1682\">Pensado para empresas en expansi\u00f3n que necesitan una identidad coherente, capaz de generar reconocimiento y confianza en todos los canales.<\/p>\n<hr \/>\n<p data-start=\"1686\" data-end=\"1730\"><strong data-start=\"1686\" data-end=\"1694\">Logo<\/strong>: definici\u00f3n crom\u00e1tica completa (RGB, CMYK, HEX, Pantone)<\/p>\n<hr \/>\n<p data-start=\"1733\" data-end=\"1805\"><strong data-start=\"1733\" data-end=\"1750\">Paleta de colores<\/strong>: definici\u00f3n crom\u00e1tica completa (RGB, CMYK, HEX, Pantone)<\/p>\n<hr \/>\n<p data-start=\"1808\" data-end=\"1850\"><strong data-start=\"1808\" data-end=\"1822\">Tipograf\u00eda<\/strong>: selecci\u00f3n tipogr\u00e1fica estrat\u00e9gica<\/p>\n<hr \/>\n<p data-start=\"1853\" data-end=\"1939\"><strong data-start=\"1853\" data-end=\"1874\">Recursos gr\u00e1ficos<\/strong>: elementos visuales complementarios adaptados al universo de tu marca<\/p>\n<hr \/>\n<p data-start=\"1942\" data-end=\"2038\"><strong data-start=\"1942\" data-end=\"1967\">Gu\u00eda completa de marca<\/strong>: manual detallado de uso, incluyendo aplicaciones correctas e incorrectas<\/p>\n<hr \/>\n<p data-start=\"2041\" data-end=\"2146\"><strong data-start=\"2041\" data-end=\"2057\">Aplicaciones<\/strong>: 4 piezas de dise\u00f1o adaptadas a tu negocio (ej.: papeler\u00eda, packaging, presentaciones)<\/p>\n<hr \/>\n<p data-start=\"2149\" data-end=\"2236\"><strong data-start=\"2149\" data-end=\"2176\">Kit de lanzamiento en redes sociales<\/strong>: avatar, 3 posteos, 3 historias y un set de \u00edconos destacados<\/p>\n<hr \/>\n<p data-start=\"2239\" data-end=\"2357\"><strong data-start=\"2239\" data-end=\"2257\">Entrega final<\/strong>l: archivos editables listos para impresi\u00f3n y digital (AI, PDF, JPG, PNG) + manual de marca completo (AI, PDF)<\/p>\n<\/div>\n<\/div>\n<\/li>\n<li>\n<h3>3. Premium Pack ?<\/h3>\n<p>\u2014 Estrategia + Branding Solution<\/p>\n<div>\n<h5 data-start=\"939\" data-end=\"1099\">La inversi\u00f3n comienza<br \/>en $10.000 USD<\/h5>\n<p>Creado para empresas consolidadas que buscan una presencia audaz y de nivel mundial, dise\u00f1ada para elevar tu marca al siguiente nivel.<\/p>\n<div class=\"el-content uk-margin-top\">\n<hr \/>\n<p data-start=\"2566\" data-end=\"2676\"><strong data-start=\"2566\" data-end=\"2584\">Estrategia de marca<\/strong>: FODA, valores de marca, mapa de empat\u00eda, tono de voz, an\u00e1lisis de la competencia, plataforma conceptual<\/p>\n<hr \/>\n<p data-start=\"2679\" data-end=\"2723\"><strong data-start=\"2679\" data-end=\"2687\">Logo<\/strong>: definici\u00f3n crom\u00e1tica completa (RGB, CMYK, HEX, Pantone)<\/p>\n<hr \/>\n<p data-start=\"2726\" data-end=\"2798\"><strong data-start=\"2726\" data-end=\"2743\">Paleta de colores<\/strong>: definici\u00f3n crom\u00e1tica completa (RGB, CMYK, HEX, Pantone)<\/p>\n<hr \/>\n<p data-start=\"2801\" data-end=\"2843\"><strong data-start=\"2801\" data-end=\"2815\">Tipograf\u00eda<\/strong>: selecci\u00f3n tipogr\u00e1fica estrat\u00e9gica<\/p>\n<hr \/>\n<p data-start=\"2846\" data-end=\"2931\"><strong data-start=\"2846\" data-end=\"2867\">Recursos gr\u00e1ficos<\/strong>: elementos visuales complementarios adaptados al universo de tu marca<\/p>\n<hr \/>\n<p data-start=\"2934\" data-end=\"3015\"><strong data-start=\"2934\" data-end=\"2959\">Gu\u00eda completa de marca<\/strong>: manual detallado con usos correctos e incorrectos<\/p>\n<hr \/>\n<p data-start=\"3018\" data-end=\"3124\"><strong data-start=\"3018\" data-end=\"3034\">Aplicaciones<\/strong>: 6 piezas de dise\u00f1o adaptadas a tu negocio (ej.: papeler\u00eda, packaging, presentaciones)<\/p>\n<hr \/>\n<p data-start=\"3127\" data-end=\"3214\"><strong data-start=\"3127\" data-end=\"3154\">Kit de lanzamiento en redes sociales<\/strong>: avatar, 3 posteos, 3 historias y un set de \u00edconos destacados<\/p>\n<hr \/>\n<p data-start=\"3217\" data-end=\"3335\"><strong data-start=\"3217\" data-end=\"3235\">Entrega final<\/strong>l: archivos editables listos para impresi\u00f3n y digital (AI, PDF, JPG, PNG) + manual de marca completo (AI, PDF)<\/p>\n<\/div>\n<\/div>\n<\/li>\n<\/ul>\n<p><!-- {\"name\":\"6 BRANDING BRIEF -THE BRAND 2025\",\"type\":\"layout\",\"children\":[{\"name\":\"OUR BRANDING PACKS tittle desktop\",\"type\":\"section\",\"props\":{\"width\":\"default\",\"padding\":\"\",\"style\":\"default\",\"header_overlay\":\"\",\"animation\":\"fade\",\"padding_remove_top\":false,\"image_size\":\"cover\",\"image_position\":\"center-center\",\"vertical_align\":\"middle\",\"title_position\":\"top-left\",\"title_rotation\":\"left\",\"title_breakpoint\":\"xl\",\"image_effect\":\"\",\"text_color\":\"\",\"width_expand\":\"\",\"height\":\"\",\"header_transparent\":\"\",\"padding_remove_bottom\":false,\"class\":\"desktop\",\"status\":\"\"},\"children\":[{\"name\":\"\",\"type\":\"row\",\"props\":{\"layout\":\"1-1\",\"fixed_width\":\"large\",\"breakpoint\":\"m\",\"width\":\"default\",\"gutter\":\"\",\"width_expand\":\"\",\"height\":\"\",\"margin\":\"\",\"status\":\"\"},\"children\":[{\"name\":\"\",\"type\":\"column\",\"props\":{\"image_position\":\"center-center\",\"widths\":[\"1-1\"],\"media_overlay_gradient\":\"\"},\"children\":[{\"name\":\"\",\"type\":\"headline\",\"props\":{\"title_element\":\"h1\",\"title_style\":\"heading-primary\",\"title_decoration\":\"\",\"text_align\":\"center\",\"text_align_breakpoint\":\"\",\"text_align_fallback\":\"\",\"maxwidth\":\"\",\"maxwidth_align\":\"center\",\"margin\":\"\",\"animation\":\"\",\"visibility\":\"\",\"content\":\"Our Branding Solutions\",\"title_color\":\"\",\"maxwidth_breakpoint\":\"\"}},{\"type\":\"text\",\"props\":{\"margin\":\"default\",\"column_breakpoint\":\"m\",\"text_style\":\"\",\"text_color\":\"\",\"text_size\":\"large\",\"column\":\"\",\"text_align\":\"\",\"text_align_breakpoint\":\"\",\"text_align_fallback\":\"\",\"maxwidth\":\"\",\"maxwidth_align\":\"center\",\"maxwidth_breakpoint\":\"\",\"animation\":\"\",\"visibility\":\"\",\"content\":\"\n\n<p>Branding is one of the most important investments for your business. <strong>Our Branding Packs<\\\/strong> are designed to provide clear solutions for every stage \\u2014 from launching a new company to scaling an established brand. Select the pack that best fits your business stage and goals.<\\\/p>\"}}]}]}]},{\"name\":\"Our Branding packs tittle mobile\",\"type\":\"section\",\"props\":{\"width\":\"default\",\"padding\":\"\",\"style\":\"default\",\"header_overlay\":\"\",\"animation\":\"fade\",\"padding_remove_top\":false,\"image_size\":\"cover\",\"image_position\":\"center-center\",\"vertical_align\":\"middle\",\"title_position\":\"top-left\",\"title_rotation\":\"left\",\"title_breakpoint\":\"xl\",\"image_effect\":\"\",\"text_color\":\"\",\"width_expand\":\"\",\"height\":\"\",\"header_transparent\":\"\",\"padding_remove_bottom\":false,\"class\":\"mobile\",\"status\":\"\"},\"children\":[{\"name\":\"\",\"type\":\"row\",\"props\":{\"layout\":\"1-1\",\"fixed_width\":\"large\",\"breakpoint\":\"m\",\"width\":\"default\",\"gutter\":\"\",\"width_expand\":\"\",\"height\":\"\",\"margin\":\"\",\"status\":\"\"},\"children\":[{\"name\":\"\",\"type\":\"column\",\"props\":{\"image_position\":\"center-center\",\"widths\":[\"1-1\"],\"media_overlay_gradient\":\"\"},\"children\":[{\"name\":\"\",\"type\":\"headline\",\"props\":{\"title_element\":\"h1\",\"title_style\":\"\",\"title_decoration\":\"\",\"text_align\":\"\",\"text_align_breakpoint\":\"\",\"text_align_fallback\":\"\",\"maxwidth\":\"\",\"maxwidth_align\":\"center\",\"margin\":\"\",\"animation\":\"\",\"visibility\":\"\",\"content\":\"Our Branding Solutions\",\"title_color\":\"\",\"maxwidth_breakpoint\":\"\"}},{\"type\":\"text\",\"props\":{\"margin\":\"default\",\"column_breakpoint\":\"m\",\"text_style\":\"\",\"text_color\":\"\",\"text_size\":\"large\",\"column\":\"\",\"text_align\":\"\",\"text_align_breakpoint\":\"\",\"text_align_fallback\":\"\",\"maxwidth\":\"\",\"maxwidth_align\":\"\",\"maxwidth_breakpoint\":\"\",\"animation\":\"\",\"visibility\":\"\",\"content\":\"\n\n<p>Branding is one of the most important investments for your business. <strong>Our Branding Packs<\\\/strong> are designed to provide clear solutions for every stage \\u2014 from launching a new company to scaling an established brand. Select the pack that best fits your business stage and goals.<\\\/p>\"}}]}]}]},{\"type\":\"section\",\"props\":{\"style\":\"default\",\"width\":\"default\",\"vertical_align\":\"middle\",\"title_position\":\"top-left\",\"title_rotation\":\"left\",\"title_breakpoint\":\"xl\",\"image_position\":\"center-center\",\"text_color\":\"\",\"width_expand\":\"\",\"height\":\"\",\"padding\":\"\",\"header_transparent\":\"\",\"animation\":\"\",\"padding_remove_top\":false},\"children\":[{\"type\":\"row\",\"props\":{\"layout\":\"1-1\",\"breakpoint\":\"m\",\"fixed_width\":\"large\",\"gutter\":\"\",\"width\":\"\",\"width_expand\":\"\",\"height\":\"\",\"margin\":\"\",\"status\":\"\"},\"children\":[{\"type\":\"column\",\"props\":{\"widths\":[\"1-1\"],\"image_position\":\"center-center\",\"media_overlay_gradient\":\"\",\"vertical_align\":\"\",\"style\":\"\",\"text_color\":\"\",\"padding\":\"\"},\"children\":[{\"type\":\"headline\",\"props\":{\"title_element\":\"h1\",\"title_style\":\"h5\",\"title_decoration\":\"line\",\"title_color\":\"\",\"text_align\":\"center\",\"text_align_breakpoint\":\"\",\"text_align_fallback\":\"\",\"maxwidth\":\"\",\"maxwidth_align\":\"\",\"maxwidth_breakpoint\":\"\",\"margin\":\"large\",\"animation\":\"\",\"visibility\":\"\",\"content\":\"Explore our Branding Packs\"}},{\"type\":\"grid\",\"props\":{\"show_title\":true,\"show_meta\":true,\"show_content\":true,\"show_image\":true,\"show_link\":true,\"grid_default\":\"1\",\"grid_medium\":\"3\",\"filter_style\":\"tab\",\"filter_all\":true,\"filter_position\":\"top\",\"filter_align\":\"left\",\"filter_grid_width\":\"auto\",\"filter_breakpoint\":\"m\",\"title_element\":\"h3\",\"meta_style\":\"h6\",\"meta_align\":\"bottom\",\"icon_ratio\":4,\"image_align\":\"top\",\"image_grid_width\":\"1-2\",\"image_breakpoint\":\"m\",\"image_svg_color\":\"emphasis\",\"link_text\":\"Read more\",\"link_style\":\"default\",\"margin\":\"default\",\"item_animation\":\"\",\"gutter\":\"\",\"grid_small\":\"\",\"grid_large\":\"\",\"grid_xlarge\":\"\",\"filter_margin\":\"\",\"filter_gutter\":\"\",\"title_display\":\"\",\"content_display\":\"\",\"panel_style\":\"card-default\",\"panel_size\":\"\",\"item_maxwidth\":\"\",\"title_style\":\"h2\",\"title_decoration\":\"\",\"title_color\":\"success\",\"title_margin\":\"\",\"meta_color\":\"success\",\"meta_margin\":\"small\",\"content_style\":\"\",\"content_margin\":\"\",\"image_border\":\"\",\"image_box_shadow\":\"\",\"image_hover_box_shadow\":\"\",\"image_box_decoration\":\"\",\"icon_color\":\"\",\"image_gutter\":\"\",\"image_margin\":\"\",\"link_size\":\"\",\"link_margin\":\"\",\"text_align\":\"\",\"text_align_breakpoint\":\"\",\"text_align_fallback\":\"\",\"maxwidth\":\"\",\"maxwidth_align\":\"\",\"maxwidth_breakpoint\":\"\",\"visibility\":\"\",\"grid_masonry\":false,\"grid_parallax\":\"0\",\"filter\":true,\"lightbox\":false,\"divider\":false,\"status\":\"\"},\"children\":[{\"type\":\"grid_item\",\"props\":{\"title\":\"1. Starter Pack \\u221a\",\"meta\":\"\\u2014 For new entrepreneurs\",\"content\":\"\n\n<h5 data-start=\\\"939\\\" data-end=\\\"1099\\\">Investment starts<br \\\/>at $3.000 USD<\\\/h5>\\n\n\n<p data-start=\\\"939\\\" data-end=\\\"1099\\\">Ideal for small businesses. We focus on building a solid foundation that gives your brand clarity and confidence from day one.<\\\/p>\\n\n\n<hr \\\/>\\n\n\n<p><strong data-start=\\\"1103\\\" data-end=\\\"1111\\\">Logo<\\\/strong>: 3 design concepts (+2 revisions)<\\\/p>\\n\n\n<hr \\\/>\\n\n\n<p><strong data-start=\\\"1150\\\" data-end=\\\"1167\\\">Color Palette<\\\/strong>: full chromatic definition (RGB, CMYK, HEX, Pantone)<\\\/p>\\n\n\n<hr \\\/>\\n\n\n<p><strong data-start=\\\"1225\\\" data-end=\\\"1239\\\">Typography<\\\/strong>: basic font selection<\\\/p>\\n\n\n<hr \\\/>\\n\n\n<p><strong data-start=\\\"1266\\\" data-end=\\\"1288\\\">Basic Applications<\\\/strong>: 3 design pieces tailored to your industry<\\\/p>\\n\n\n<hr \\\/>\\n\n\n<p><strong data-start=\\\"1336\\\" data-end=\\\"1362\\\">Basic Brand Guidelines<\\\/strong>: essential usage rules<\\\/p>\\n\n\n<hr \\\/>\\n\n\n<p><strong data-start=\\\"1390\\\" data-end=\\\"1408\\\">Final Delivery<\\\/strong>: editable files ready for print and digital use (AI, PDF, JPG, PNG)<\\\/p>\",\"tags\":\"\"}},{\"type\":\"grid_item\",\"props\":{\"title\":\"2. Growth Pack \\u221a\",\"meta\":\"\\u2014 Branding for growing businesses\",\"content\":\"\n\n<h5 data-start=\\\"939\\\" data-end=\\\"1099\\\">Investment starts<br \\\/>at $5.000 USD <em>\\u2013\\u00a0Best Seller \\u2665<\\\/em><\\\/h5>\\n\n\n<div class=\\\"el-content uk-margin-top\\\">\\n\n\n<p data-start=\\\"1558\\\" data-end=\\\"1682\\\">Designed for expanding companies that need a\\u00a0cohesive identity that builds recognition and trust across every channel.\\u201d<\\\/p>\\n\n\n<hr \\\/>\\n\n\n<p data-start=\\\"1686\\\" data-end=\\\"1730\\\"><strong data-start=\\\"1686\\\" data-end=\\\"1694\\\">Logo<\\\/strong>: 3 design concepts (+2 revisions)<\\\/p>\\n\n\n<hr \\\/>\\n\n\n<p data-start=\\\"1733\\\" data-end=\\\"1805\\\"><strong data-start=\\\"1733\\\" data-end=\\\"1750\\\">Color Palette<\\\/strong>: full chromatic definition (RGB, CMYK, HEX, Pantone)<\\\/p>\\n\n\n<hr \\\/>\\n\n\n<p data-start=\\\"1808\\\" data-end=\\\"1850\\\"><strong data-start=\\\"1808\\\" data-end=\\\"1822\\\">Typography<\\\/strong>: strategic font selection<\\\/p>\\n\n\n<hr \\\/>\\n\n\n<p data-start=\\\"1853\\\" data-end=\\\"1939\\\"><strong data-start=\\\"1853\\\" data-end=\\\"1874\\\">Graphic Resources<\\\/strong>: complementary visual elements tailored to your brand universe<\\\/p>\\n\n\n<hr \\\/>\\n\n\n<p data-start=\\\"1942\\\" data-end=\\\"2038\\\"><strong data-start=\\\"1942\\\" data-end=\\\"1967\\\">Full Brand Guidelines<\\\/strong>: detailed usage manual, including correct and incorrect applications<\\\/p>\\n\n\n<hr \\\/>\\n\n\n<p data-start=\\\"2041\\\" data-end=\\\"2146\\\"><strong data-start=\\\"2041\\\" data-end=\\\"2057\\\">Applications<\\\/strong>: 4 design pieces adapted to your business (e.g., stationery, packaging, presentations)<\\\/p>\\n\n\n<hr \\\/>\\n\n\n<p data-start=\\\"2149\\\" data-end=\\\"2236\\\"><strong data-start=\\\"2149\\\" data-end=\\\"2176\\\">Social Media Launch Kit<\\\/strong>: avatar, 3 posts, 3 stories, and a set of highlight icons<\\\/p>\\n\n\n<hr \\\/>\\n\n\n<p data-start=\\\"2239\\\" data-end=\\\"2357\\\"><strong data-start=\\\"2239\\\" data-end=\\\"2257\\\">Final Delivery<\\\/strong>: editable files ready for print and digital (AI, PDF, JPG, PNG) + complete brand manual (AI, PDF)<\\\/p>\\n<\\\/div>\",\"tags\":\"\",\"icon\":\"\"}},{\"type\":\"grid_item\",\"props\":{\"title\":\"3. Premium Pack \\u221a\",\"meta\":\"\\u2014 Strategy + Branding Solution\",\"content\":\"\n\n<h5 data-start=\\\"939\\\" data-end=\\\"1099\\\">Investment starts<br \\\/>at $10.000\\u2013$15.000 USD<\\\/h5>\\n\n\n<p>Built for established companies seeking\\u00a0a bold, world-class presence designed to elevate your brand to the next level.<\\\/p>\\n\n\n<div class=\\\"el-content uk-margin-top\\\">\n\n<hr \\\/>\\n\n\n<p data-start=\\\"2566\\\" data-end=\\\"2676\\\"><strong data-start=\\\"2566\\\" data-end=\\\"2584\\\">Brand Strategy<\\\/strong>: SWOT, brand values, empathy map, tone of voice, competitor analysis, conceptual platform<\\\/p>\\n\n\n<hr \\\/>\\n\n\n<p data-start=\\\"2679\\\" data-end=\\\"2723\\\"><strong data-start=\\\"2679\\\" data-end=\\\"2687\\\">Logo<\\\/strong>: 3 design concepts (+2 revisions)<\\\/p>\\n\n\n<hr \\\/>\\n\n\n<p data-start=\\\"2726\\\" data-end=\\\"2798\\\"><strong data-start=\\\"2726\\\" data-end=\\\"2743\\\">Color Palette<\\\/strong>: full chromatic definition (RGB, CMYK, HEX, Pantone)<\\\/p>\\n\n\n<hr \\\/>\\n\n\n<p data-start=\\\"2801\\\" data-end=\\\"2843\\\"><strong data-start=\\\"2801\\\" data-end=\\\"2815\\\">Typography<\\\/strong>: strategic font selection<\\\/p>\\n\n\n<hr \\\/>\\n\n\n<p data-start=\\\"2846\\\" data-end=\\\"2931\\\"><strong data-start=\\\"2846\\\" data-end=\\\"2867\\\">Graphic Resources<\\\/strong>: complementary visual elements adapted to your brand universe<\\\/p>\\n\n\n<hr \\\/>\\n\n\n<p data-start=\\\"2934\\\" data-end=\\\"3015\\\"><strong data-start=\\\"2934\\\" data-end=\\\"2959\\\">Full Brand Guidelines<\\\/strong>: detailed guide of correct and incorrect applications<\\\/p>\\n\n\n<hr \\\/>\\n\n\n<p data-start=\\\"3018\\\" data-end=\\\"3124\\\"><strong data-start=\\\"3018\\\" data-end=\\\"3034\\\">Applications<\\\/strong>: 6 design pieces tailored to your business (e.g., stationery, packaging, presentations)<\\\/p>\\n\n\n<hr \\\/>\\n\n\n<p data-start=\\\"3127\\\" data-end=\\\"3214\\\"><strong data-start=\\\"3127\\\" data-end=\\\"3154\\\">Social Media Launch Kit<\\\/strong>: avatar, 3 posts, 3 stories, and a set of highlight icons<\\\/p>\\n\n\n<hr \\\/>\\n\n\n<p data-start=\\\"3217\\\" data-end=\\\"3335\\\"><strong data-start=\\\"3217\\\" data-end=\\\"3235\\\">Final Delivery<\\\/strong>: editable files ready for print and digital (AI, PDF, JPG, PNG) + complete brand manual (AI, PDF)<\\\/p>\\n<\\\/div>\",\"tags\":\"\"}}],\"name\":\"Branding Packs\"}]}]}]}],\"version\":\"1.18.14\",\"props\":[]} --><\/p>","protected":false},"excerpt":{"rendered":"<p>Our Branding Solutions Branding is one of the most important investments for your business. Our Branding Packs are designed to provide clear solutions for every stage \u2014 from launching a new company to scaling an established brand. Select the pack that best fits your business stage and goals. Our Branding Solutions Branding is one of [&hellip;]<\/p>","protected":false},"author":1,"featured_media":0,"parent":0,"menu_order":0,"comment_status":"closed","ping_status":"closed","template":"","meta":{"_joinchat":[],"footnotes":""},"class_list":["post-4861","page","type-page","status-publish","hentry"],"yoast_head":"<!-- This site is optimized with the Yoast SEO plugin v27.4 - https:\/\/yoast.com\/product\/yoast-seo-wordpress\/ -->\n<title>Our Branding Packs - The Brand Creative Co<\/title>\n<meta name=\"robots\" content=\"index, follow, max-snippet:-1, max-image-preview:large, max-video-preview:-1\" \/>\n<link rel=\"canonical\" href=\"https:\/\/thebrandcc.com\/es\/our-branding-packs\/\" \/>\n<meta property=\"og:locale\" content=\"es_ES\" \/>\n<meta property=\"og:type\" content=\"article\" \/>\n<meta property=\"og:title\" content=\"Our Branding Packs - The Brand Creative Co\" \/>\n<meta property=\"og:description\" content=\"Our Branding Solutions Branding is one of the most important investments for your business. Our Branding Packs are designed to provide clear solutions for every stage \u2014 from launching a new company to scaling an established brand. Select the pack that best fits your business stage and goals. Our Branding Solutions Branding is one of [&hellip;]\" \/>\n<meta property=\"og:url\" content=\"https:\/\/thebrandcc.com\/es\/our-branding-packs\/\" \/>\n<meta property=\"og:site_name\" content=\"The Brand Creative Co\" \/>\n<meta property=\"article:modified_time\" content=\"2025-10-25T17:05:24+00:00\" \/>\n<meta name=\"twitter:card\" content=\"summary_large_image\" \/>\n<meta name=\"twitter:label1\" content=\"Tiempo de lectura\" \/>\n\t<meta name=\"twitter:data1\" content=\"2 minutos\" \/>\n<script type=\"application\/ld+json\" class=\"yoast-schema-graph\">{\"@context\":\"https:\\\/\\\/schema.org\",\"@graph\":[{\"@type\":\"WebPage\",\"@id\":\"https:\\\/\\\/thebrandcc.com\\\/our-branding-packs\\\/\",\"url\":\"https:\\\/\\\/thebrandcc.com\\\/our-branding-packs\\\/\",\"name\":\"Our Branding Packs - The Brand Creative Co\",\"isPartOf\":{\"@id\":\"https:\\\/\\\/thebrandcc.com\\\/#website\"},\"datePublished\":\"2025-08-21T16:47:45+00:00\",\"dateModified\":\"2025-10-25T17:05:24+00:00\",\"breadcrumb\":{\"@id\":\"https:\\\/\\\/thebrandcc.com\\\/our-branding-packs\\\/#breadcrumb\"},\"inLanguage\":\"es-AR\",\"potentialAction\":[{\"@type\":\"ReadAction\",\"target\":[\"https:\\\/\\\/thebrandcc.com\\\/our-branding-packs\\\/\"]}]},{\"@type\":\"BreadcrumbList\",\"@id\":\"https:\\\/\\\/thebrandcc.com\\\/our-branding-packs\\\/#breadcrumb\",\"itemListElement\":[{\"@type\":\"ListItem\",\"position\":1,\"name\":\"Home\",\"item\":\"https:\\\/\\\/thebrandcc.com\\\/\"},{\"@type\":\"ListItem\",\"position\":2,\"name\":\"Our Branding Packs\"}]},{\"@type\":\"WebSite\",\"@id\":\"https:\\\/\\\/thebrandcc.com\\\/#website\",\"url\":\"https:\\\/\\\/thebrandcc.com\\\/\",\"name\":\"The Brand Creative Co\",\"description\":\"Branding Agency\",\"potentialAction\":[{\"@type\":\"SearchAction\",\"target\":{\"@type\":\"EntryPoint\",\"urlTemplate\":\"https:\\\/\\\/thebrandcc.com\\\/?s={search_term_string}\"},\"query-input\":{\"@type\":\"PropertyValueSpecification\",\"valueRequired\":true,\"valueName\":\"search_term_string\"}}],\"inLanguage\":\"es-AR\"}]}<\/script>\n<!-- \/ Yoast SEO plugin. -->","yoast_head_json":{"title":"Our Branding Packs - The Brand Creative Co","robots":{"index":"index","follow":"follow","max-snippet":"max-snippet:-1","max-image-preview":"max-image-preview:large","max-video-preview":"max-video-preview:-1"},"canonical":"https:\/\/thebrandcc.com\/es\/our-branding-packs\/","og_locale":"es_ES","og_type":"article","og_title":"Our Branding Packs - The Brand Creative Co","og_description":"Our Branding Solutions Branding is one of the most important investments for your business. Our Branding Packs are designed to provide clear solutions for every stage \u2014 from launching a new company to scaling an established brand. Select the pack that best fits your business stage and goals. Our Branding Solutions Branding is one of [&hellip;]","og_url":"https:\/\/thebrandcc.com\/es\/our-branding-packs\/","og_site_name":"The Brand Creative Co","article_modified_time":"2025-10-25T17:05:24+00:00","twitter_card":"summary_large_image","twitter_misc":{"Tiempo de lectura":"2 minutos"},"schema":{"@context":"https:\/\/schema.org","@graph":[{"@type":"WebPage","@id":"https:\/\/thebrandcc.com\/our-branding-packs\/","url":"https:\/\/thebrandcc.com\/our-branding-packs\/","name":"Our Branding Packs - The Brand Creative Co","isPartOf":{"@id":"https:\/\/thebrandcc.com\/#website"},"datePublished":"2025-08-21T16:47:45+00:00","dateModified":"2025-10-25T17:05:24+00:00","breadcrumb":{"@id":"https:\/\/thebrandcc.com\/our-branding-packs\/#breadcrumb"},"inLanguage":"es-AR","potentialAction":[{"@type":"ReadAction","target":["https:\/\/thebrandcc.com\/our-branding-packs\/"]}]},{"@type":"BreadcrumbList","@id":"https:\/\/thebrandcc.com\/our-branding-packs\/#breadcrumb","itemListElement":[{"@type":"ListItem","position":1,"name":"Home","item":"https:\/\/thebrandcc.com\/"},{"@type":"ListItem","position":2,"name":"Our Branding Packs"}]},{"@type":"WebSite","@id":"https:\/\/thebrandcc.com\/#website","url":"https:\/\/thebrandcc.com\/","name":"The Brand Creative Co","description":"Branding Agency","potentialAction":[{"@type":"SearchAction","target":{"@type":"EntryPoint","urlTemplate":"https:\/\/thebrandcc.com\/?s={search_term_string}"},"query-input":{"@type":"PropertyValueSpecification","valueRequired":true,"valueName":"search_term_string"}}],"inLanguage":"es-AR"}]}},"_links":{"self":[{"href":"http:\/\/thebrandcc.com\/es\/wp-json\/wp\/v2\/pages\/4861","targetHints":{"allow":["GET"]}}],"collection":[{"href":"http:\/\/thebrandcc.com\/es\/wp-json\/wp\/v2\/pages"}],"about":[{"href":"http:\/\/thebrandcc.com\/es\/wp-json\/wp\/v2\/types\/page"}],"author":[{"embeddable":true,"href":"http:\/\/thebrandcc.com\/es\/wp-json\/wp\/v2\/users\/1"}],"replies":[{"embeddable":true,"href":"http:\/\/thebrandcc.com\/es\/wp-json\/wp\/v2\/comments?post=4861"}],"version-history":[{"count":141,"href":"http:\/\/thebrandcc.com\/es\/wp-json\/wp\/v2\/pages\/4861\/revisions"}],"predecessor-version":[{"id":5161,"href":"http:\/\/thebrandcc.com\/es\/wp-json\/wp\/v2\/pages\/4861\/revisions\/5161"}],"wp:attachment":[{"href":"http:\/\/thebrandcc.com\/es\/wp-json\/wp\/v2\/media?parent=4861"}],"curies":[{"name":"wp","href":"https:\/\/api.w.org\/{rel}","templated":true}]}}