{"id":22,"date":"2016-09-13T13:16:23","date_gmt":"2016-09-13T13:16:23","guid":{"rendered":"http:\/\/thebrandcc.com\/beta\/index.php\/about\/"},"modified":"2025-07-18T01:39:22","modified_gmt":"2025-07-18T01:39:22","slug":"about","status":"publish","type":"page","link":"http:\/\/thebrandcc.com\/es\/about\/","title":{"rendered":"About"},"content":{"rendered":"<h1>Convertimos ideas en identidades y visiones en marcas poderosas.<\/h1>\n<h1>Convertimos ideas en identidades y visiones en marcas poderosas.<\/h1>\n<p><img decoding=\"async\" src=\"wp-content\/uploads\/about_header_2025_mobile.jpg\" alt=\"\"><\/p>\n<h2>Nos une un prop\u00f3sito claro: hacer branding que realmente funciona.<\/p>\n<h5>En The Brand Creative Co., creamos identidades fuertes, pensadas para conectar.<\/h5>\n<\/h2>\n<div>\n<p data-start=\"489\" data-end=\"688\">Durante m\u00e1s de dos d\u00e9cadas hemos trabajado en dise\u00f1o en m\u00faltiples disciplinas \u2014 desde lo impreso y digital, hasta la estrategia y la identidad.\nPero hoy nuestro foco es claro: somos especialistas en branding.<\/p>\n<p data-start=\"690\" data-end=\"920\">Con base en Buenos Aires, Argentina, construimos marcas audaces, estrat\u00e9gicas y memorables que conectan con las personas.\nNuestro enfoque combina creatividad con prop\u00f3sito \u2014 uniendo experiencia, instinto e innovaci\u00f3n para dar forma a identidades que perduran.<\/p>\n<p data-start=\"922\" data-end=\"1169\">Trabajamos de cerca con cada cliente, colaborando para entregar un dise\u00f1o que sea est\u00e9tico y funcional.\nYa sea una marca nueva desde cero o una renovaci\u00f3n de una identidad existente, cada proyecto es una nueva oportunidad para crear algo significativo.<\/p>\n<h5 data-start=\"922\" data-end=\"1169\"><em>&#8220;We truly believe that every project deserves fresh eyes, sharp thinking, and a full heart. That\u2019s how we work \u2014 every time.&#8221; ?<\/em><\/h5>\n<\/div>\n<h3>Our Team<\/h3>\n<ul>\n<li>\n<p>        <img decoding=\"async\" src=\"wp-content\/uploads\/about-team-01martin.jpg\" alt=\"\"><\/p>\n<h1>Martin Rodger<\/h1>\n<p>Founder + Art Director<\/p>\n<\/li>\n<li>\n<p>        <img decoding=\"async\" src=\"wp-content\/uploads\/about-team-02jessica.jpg\" alt=\"\"><\/p>\n<h1>Jessica Murillo Santander<\/h1>\n<p>Marketing + Web &#038; Digital Media<\/p>\n<\/li>\n<li>\n<p>        <img decoding=\"async\" src=\"wp-content\/uploads\/about-team-03manuel.jpg\" alt=\"\"><\/p>\n<h1>Manuel Guevara<\/h1>\n<p>Graphic Designer + Digital Vector Artist<\/p>\n<\/li>\n<\/ul>\n<p><!-- {\"name\":\"About\",\"type\":\"layout\",\"children\":[{\"name\":\"About us desktop\",\"type\":\"section\",\"props\":{\"width\":\"default\",\"padding\":\"\",\"style\":\"default\",\"header_overlay\":\"\",\"animation\":\"fade\",\"padding_remove_top\":false,\"image_size\":\"cover\",\"image_position\":\"center-center\",\"vertical_align\":\"middle\",\"title_position\":\"top-left\",\"title_rotation\":\"left\",\"title_breakpoint\":\"xl\",\"image_effect\":\"\",\"text_color\":\"\",\"width_expand\":\"\",\"height\":\"\",\"header_transparent\":\"\",\"padding_remove_bottom\":false,\"class\":\"desktop\"},\"children\":[{\"name\":\"\",\"type\":\"row\",\"props\":{\"layout\":\"1-1\",\"fixed_width\":\"large\",\"breakpoint\":\"m\",\"width\":\"default\",\"gutter\":\"\",\"width_expand\":\"\",\"height\":\"\",\"margin\":\"\"},\"children\":[{\"name\":\"\",\"type\":\"column\",\"props\":{\"image_position\":\"center-center\",\"widths\":[\"1-1\"],\"media_overlay_gradient\":\"\"},\"children\":[{\"name\":\"\",\"type\":\"headline\",\"props\":{\"title_element\":\"h1\",\"title_style\":\"heading-primary\",\"title_decoration\":\"\",\"text_align\":\"center\",\"text_align_breakpoint\":\"\",\"text_align_fallback\":\"\",\"maxwidth\":\"xxlarge\",\"maxwidth_align\":\"center\",\"margin\":\"\",\"animation\":\"\",\"visibility\":\"\",\"content\":\"We turn ideas into identities, and visions into unforgettable brands.\",\"title_color\":\"\",\"maxwidth_breakpoint\":\"\"}}]}]}]},{\"name\":\"About us mobile\",\"type\":\"section\",\"props\":{\"width\":\"default\",\"padding\":\"\",\"style\":\"default\",\"header_overlay\":\"\",\"animation\":\"fade\",\"padding_remove_top\":false,\"image_size\":\"cover\",\"image_position\":\"center-center\",\"vertical_align\":\"middle\",\"title_position\":\"top-left\",\"title_rotation\":\"left\",\"title_breakpoint\":\"xl\",\"image_effect\":\"\",\"text_color\":\"\",\"width_expand\":\"\",\"height\":\"\",\"header_transparent\":\"\",\"padding_remove_bottom\":false,\"class\":\"mobile\"},\"children\":[{\"name\":\"\",\"type\":\"row\",\"props\":{\"layout\":\"1-1\",\"fixed_width\":\"large\",\"breakpoint\":\"m\",\"width\":\"default\",\"gutter\":\"\",\"width_expand\":\"\",\"height\":\"\",\"margin\":\"\"},\"children\":[{\"name\":\"\",\"type\":\"column\",\"props\":{\"image_position\":\"center-center\",\"widths\":[\"1-1\"],\"media_overlay_gradient\":\"\"},\"children\":[{\"name\":\"\",\"type\":\"headline\",\"props\":{\"title_element\":\"h1\",\"title_style\":\"\",\"title_decoration\":\"\",\"text_align\":\"\",\"text_align_breakpoint\":\"\",\"text_align_fallback\":\"\",\"maxwidth\":\"\",\"maxwidth_align\":\"center\",\"margin\":\"\",\"animation\":\"\",\"visibility\":\"\",\"content\":\"We turn ideas into identities, and visions into unforgettable brands.\",\"title_color\":\"\",\"maxwidth_breakpoint\":\"\"}}]}]}]},{\"type\":\"section\",\"props\":{\"style\":\"default\",\"width\":\"default\",\"vertical_align\":\"middle\",\"title_position\":\"top-left\",\"title_rotation\":\"left\",\"title_breakpoint\":\"xl\",\"image_position\":\"bottom-center\",\"text_color\":\"\",\"width_expand\":\"\",\"height\":\"section\",\"padding\":\"\",\"header_transparent\":\"\",\"animation\":\"\",\"image\":\"wp-content\\\/uploads\\\/about_header_2025.jpg\",\"image_size\":\"cover\",\"image_effect\":\"parallax\",\"image_parallax_breakpoint\":\"s\",\"image_visibility\":\"\",\"video_width\":\"\",\"video_height\":\"\",\"media_blend_mode\":\"\",\"image_width\":\"\",\"image_parallax_bgy_start\":\"100\",\"image_parallax_bgy_end\":\"-160\",\"media_background\":\"#CFCFCF\",\"class\":\"desktop\"},\"children\":[{\"type\":\"row\",\"props\":{\"layout\":\"1-1\",\"breakpoint\":\"\",\"fixed_width\":\"large\",\"gutter\":\"\",\"width\":\"\",\"width_expand\":\"\",\"height\":\"\",\"margin\":\"medium\"},\"children\":[{\"type\":\"column\",\"props\":{\"widths\":[\"1-1\"],\"image_position\":\"center-center\",\"media_overlay_gradient\":\"\",\"vertical_align\":\"\",\"style\":\"\",\"text_color\":\"\",\"padding\":\"\"},\"children\":[]}]}],\"name\":\"Banner desktop\"},{\"type\":\"section\",\"props\":{\"style\":\"default\",\"width\":\"\",\"vertical_align\":\"middle\",\"title_position\":\"top-left\",\"title_rotation\":\"left\",\"title_breakpoint\":\"xl\",\"image_position\":\"bottom-center\",\"text_color\":\"\",\"width_expand\":\"\",\"height\":\"\",\"padding\":\"none\",\"header_transparent\":\"\",\"animation\":\"\",\"image\":\"\",\"image_size\":\"cover\",\"image_effect\":\"parallax\",\"image_parallax_breakpoint\":\"s\",\"image_visibility\":\"\",\"video_width\":\"\",\"video_height\":\"\",\"media_blend_mode\":\"\",\"image_width\":\"\",\"image_parallax_bgy_start\":\"100\",\"image_parallax_bgy_end\":\"-160\",\"media_background\":\"#CFCFCF\",\"class\":\"mobile\"},\"children\":[{\"type\":\"row\",\"props\":{\"layout\":\"1-1\",\"breakpoint\":\"\",\"fixed_width\":\"large\",\"gutter\":\"\",\"width\":\"\",\"width_expand\":\"\",\"height\":\"\",\"margin\":\"medium\"},\"children\":[{\"type\":\"column\",\"props\":{\"widths\":[\"1-1\"],\"image_position\":\"center-center\",\"media_overlay_gradient\":\"\",\"vertical_align\":\"\",\"style\":\"\",\"text_color\":\"\",\"padding\":\"\"},\"children\":[{\"type\":\"image\",\"props\":{\"margin\":\"default\",\"image_svg_color\":\"emphasis\",\"link_target\":\"\",\"image_border\":\"\",\"image_box_shadow\":\"\",\"image_hover_box_shadow\":\"\",\"image_box_decoration\":\"\",\"text_align\":\"\",\"text_align_breakpoint\":\"\",\"text_align_fallback\":\"\",\"maxwidth\":\"\",\"maxwidth_align\":\"\",\"maxwidth_breakpoint\":\"\",\"animation\":\"\",\"visibility\":\"\",\"image\":\"wp-content\\\/uploads\\\/about_header_2025_mobile.jpg\"}}]}]}],\"name\":\"Banner mobile\"},{\"type\":\"section\",\"props\":{\"style\":\"default\",\"width\":\"default\",\"vertical_align\":\"middle\",\"title_position\":\"top-left\",\"title_rotation\":\"left\",\"title_breakpoint\":\"xl\",\"image_position\":\"center-center\",\"text_color\":\"\",\"width_expand\":\"\",\"height\":\"\",\"padding\":\"large\",\"header_transparent\":\"\",\"animation\":\"\"},\"children\":[{\"type\":\"row\",\"props\":{\"layout\":\",2-3\",\"breakpoint\":\"m\",\"fixed_width\":\"large\",\"gutter\":\"\",\"width\":\"\",\"width_expand\":\"\",\"height\":\"\",\"margin\":\"\"},\"children\":[{\"type\":\"column\",\"props\":{\"widths\":[\"\"],\"image_position\":\"center-center\",\"media_overlay_gradient\":\"\",\"vertical_align\":\"\",\"style\":\"\",\"text_color\":\"\",\"padding\":\"\"},\"children\":[{\"type\":\"headline\",\"props\":{\"title_element\":\"h2\",\"title_style\":\"\",\"title_decoration\":\"\",\"title_color\":\"\",\"text_align\":\"\",\"text_align_breakpoint\":\"\",\"text_align_fallback\":\"\",\"maxwidth\":\"\",\"maxwidth_align\":\"\",\"maxwidth_breakpoint\":\"\",\"margin\":\"default\",\"animation\":\"\",\"visibility\":\"\",\"content\":\"We come together for one reason: Branding that works.<br \\\/>\\n\n\n<h5>At The Brand Creative Co., we\\u2019re specialists in building strong, strategic identities that connect.<\\\/h5>\"}}]},{\"type\":\"column\",\"props\":{\"widths\":[\"2-3\"],\"image_position\":\"center-center\",\"media_overlay_gradient\":\"\",\"vertical_align\":\"\",\"style\":\"\",\"text_color\":\"\",\"padding\":\"\"},\"children\":[{\"name\":\"\",\"type\":\"text\",\"props\":{\"column\":\"1-2\",\"column_breakpoint\":\"m\",\"text_style\":\"\",\"text_align\":\"\",\"text_align_breakpoint\":\"\",\"text_align_fallback\":\"\",\"maxwidth\":\"\",\"maxwidth_align\":\"\",\"margin\":\"medium\",\"animation\":\"\",\"visibility\":\"\",\"text_color\":\"\",\"text_size\":\"\",\"content\":\"\n\n<p data-start=\\\"489\\\" data-end=\\\"688\\\">We\\u2019ve spent over two decades creating design across disciplines \\u2014 from print and digital to strategy and identity. But today, our focus is clear: we specialize in branding.<\\\/p>\\n\n\n<p data-start=\\\"690\\\" data-end=\\\"920\\\">Based in Buenos Aires, Argentina, we build bold, strategic, and memorable brands that connect with people. Our approach blends creativity with purpose \\u2014 combining experience, instinct, and innovation to shape identities that last.<\\\/p>\\n\n\n<p data-start=\\\"922\\\" data-end=\\\"1169\\\">We work closely with each client, collaborating to deliver design that is both aesthetic and functional. Whether it\\u2019s a new brand from scratch or a refresh of an existing identity, every project is a new opportunity to create something meaningful.<\\\/p>\\n\n\n<h5 data-start=\\\"922\\\" data-end=\\\"1169\\\"><em>\\\"We truly believe that every project deserves fresh eyes, sharp thinking, and a full heart. That\\u2019s how we work \\u2014 every time.\\\" \\u2665<\\\/em><\\\/h5>\",\"maxwidth_breakpoint\":\"\"}}]}]}]},{\"type\":\"section\",\"props\":{\"style\":\"default\",\"width\":\"default\",\"vertical_align\":\"middle\",\"title_position\":\"top-left\",\"title_rotation\":\"left\",\"title_breakpoint\":\"xl\",\"image_position\":\"center-center\",\"text_color\":\"\",\"width_expand\":\"\",\"height\":\"\",\"padding\":\"\",\"header_transparent\":\"\",\"animation\":\"\",\"status\":\"disabled\"},\"children\":[{\"type\":\"row\",\"props\":{\"layout\":\"1-1\",\"breakpoint\":\"m\",\"fixed_width\":\"large\",\"gutter\":\"\",\"width\":\"\",\"width_expand\":\"\",\"height\":\"\",\"margin\":\"medium\",\"margin_remove_bottom\":false,\"margin_remove_top\":false},\"children\":[{\"type\":\"column\",\"props\":{\"widths\":[\"1-1\"],\"image_position\":\"center-center\",\"media_overlay_gradient\":\"\",\"vertical_align\":\"\",\"style\":\"\",\"text_color\":\"\",\"padding\":\"\"},\"children\":[{\"type\":\"headline\",\"props\":{\"title_element\":\"h3\",\"title_style\":\"h5\",\"title_decoration\":\"line\",\"title_color\":\"\",\"text_align\":\"center\",\"text_align_breakpoint\":\"\",\"text_align_fallback\":\"\",\"maxwidth\":\"\",\"maxwidth_align\":\"\",\"maxwidth_breakpoint\":\"\",\"margin\":\"default\",\"animation\":\"\",\"visibility\":\"\",\"content\":\"Our Team\",\"margin_remove_bottom\":false,\"margin_remove_top\":false}}]}]},{\"type\":\"row\",\"props\":{\"layout\":\"1-1\",\"breakpoint\":\"m\",\"fixed_width\":\"large\",\"gutter\":\"\",\"width\":\"\",\"width_expand\":\"\",\"height\":\"\",\"margin\":\"\"},\"children\":[{\"type\":\"column\",\"props\":{\"widths\":[\"1-1\"],\"image_position\":\"center-center\",\"media_overlay_gradient\":\"\",\"vertical_align\":\"\",\"style\":\"\",\"text_color\":\"\",\"padding\":\"\"},\"children\":[{\"type\":\"grid\",\"props\":{\"show_title\":true,\"show_meta\":true,\"show_content\":false,\"show_image\":true,\"show_link\":false,\"grid_default\":\"1\",\"grid_medium\":\"3\",\"filter_style\":\"tab\",\"filter_all\":true,\"filter_position\":\"top\",\"filter_align\":\"left\",\"filter_grid_width\":\"auto\",\"filter_breakpoint\":\"m\",\"title_element\":\"h1\",\"meta_style\":\"\",\"meta_align\":\"bottom\",\"icon_ratio\":\"\",\"image_align\":\"top\",\"image_grid_width\":\"1-2\",\"image_breakpoint\":\"m\",\"image_svg_color\":\"emphasis\",\"link_text\":\"Read more\",\"link_style\":\"default\",\"margin\":\"default\",\"item_animation\":\"scale-up\",\"gutter\":\"\",\"grid_small\":\"\",\"grid_large\":\"\",\"grid_xlarge\":\"\",\"filter_margin\":\"\",\"filter_gutter\":\"\",\"title_display\":\"\",\"content_display\":\"\",\"panel_style\":\"\",\"panel_size\":\"\",\"item_maxwidth\":\"\",\"title_style\":\"h5\",\"title_decoration\":\"\",\"title_color\":\"\",\"title_margin\":\"\",\"meta_color\":\"\",\"meta_margin\":\"remove\",\"content_style\":\"\",\"content_margin\":\"\",\"image_border\":\"\",\"image_box_shadow\":\"\",\"image_hover_box_shadow\":\"\",\"image_box_decoration\":\"\",\"icon_color\":\"\",\"image_gutter\":\"\",\"image_margin\":\"\",\"link_size\":\"\",\"link_margin\":\"\",\"text_align\":\"\",\"text_align_breakpoint\":\"\",\"text_align_fallback\":\"\",\"maxwidth\":\"\",\"maxwidth_align\":\"\",\"maxwidth_breakpoint\":\"\",\"visibility\":\"\",\"grid_masonry\":false,\"grid_parallax\":\"0\"},\"children\":[{\"type\":\"grid_item\",\"props\":{\"title\":\"Martin Rodger\",\"meta\":\"Founder + Art Director\",\"image\":\"wp-content\\\/uploads\\\/about-team-01martin.jpg\"}},{\"type\":\"grid_item\",\"props\":{\"title\":\"Jessica Murillo Santander\",\"meta\":\"Marketing + Web & Digital Media\",\"image\":\"wp-content\\\/uploads\\\/about-team-02jessica.jpg\"}},{\"type\":\"grid_item\",\"props\":{\"title\":\"Manuel Guevara\",\"meta\":\"Graphic Designer + Digital Vector Artist\",\"image\":\"wp-content\\\/uploads\\\/about-team-03manuel.jpg\"}}]}]}]}],\"name\":\"Our team\"}],\"props\":[],\"version\":\"1.18.14\"} --><\/p>","protected":false},"excerpt":{"rendered":"<p>We turn ideas into identities, and visions into unforgettable brands. We turn ideas into identities, and visions into unforgettable brands. We come together for one reason: Branding that works. At The Brand Creative Co., we\u2019re specialists in building strong, strategic identities that connect. We\u2019ve spent over two decades creating design across disciplines \u2014 from print [&hellip;]<\/p>","protected":false},"author":1,"featured_media":0,"parent":0,"menu_order":3,"comment_status":"closed","ping_status":"closed","template":"","meta":{"_joinchat":[],"footnotes":""},"class_list":["post-22","page","type-page","status-publish","hentry"],"yoast_head":"<!-- This site is optimized with the Yoast SEO plugin v27.4 - https:\/\/yoast.com\/product\/yoast-seo-wordpress\/ -->\n<title>About - The Brand Creative Co<\/title>\n<meta name=\"robots\" content=\"index, follow, max-snippet:-1, max-image-preview:large, max-video-preview:-1\" \/>\n<link rel=\"canonical\" href=\"https:\/\/thebrandcc.com\/es\/about\/\" \/>\n<meta property=\"og:locale\" content=\"es_ES\" \/>\n<meta property=\"og:type\" content=\"article\" \/>\n<meta property=\"og:title\" content=\"About - The Brand Creative Co\" \/>\n<meta property=\"og:description\" content=\"We turn ideas into identities, and visions into unforgettable brands. We turn ideas into identities, and visions into unforgettable brands. We come together for one reason: Branding that works. At The Brand Creative Co., we\u2019re specialists in building strong, strategic identities that connect. We\u2019ve spent over two decades creating design across disciplines \u2014 from print [&hellip;]\" \/>\n<meta property=\"og:url\" content=\"https:\/\/thebrandcc.com\/es\/about\/\" \/>\n<meta property=\"og:site_name\" content=\"The Brand Creative Co\" \/>\n<meta property=\"article:modified_time\" content=\"2025-07-18T01:39:22+00:00\" \/>\n<meta name=\"twitter:card\" content=\"summary_large_image\" \/>\n<meta name=\"twitter:label1\" content=\"Tiempo de lectura\" \/>\n\t<meta name=\"twitter:data1\" content=\"1 minuto\" \/>\n<script type=\"application\/ld+json\" class=\"yoast-schema-graph\">{\"@context\":\"https:\\\/\\\/schema.org\",\"@graph\":[{\"@type\":\"WebPage\",\"@id\":\"https:\\\/\\\/thebrandcc.com\\\/about\\\/\",\"url\":\"https:\\\/\\\/thebrandcc.com\\\/about\\\/\",\"name\":\"About - The Brand Creative Co\",\"isPartOf\":{\"@id\":\"https:\\\/\\\/thebrandcc.com\\\/#website\"},\"datePublished\":\"2016-09-13T13:16:23+00:00\",\"dateModified\":\"2025-07-18T01:39:22+00:00\",\"breadcrumb\":{\"@id\":\"https:\\\/\\\/thebrandcc.com\\\/about\\\/#breadcrumb\"},\"inLanguage\":\"es-AR\",\"potentialAction\":[{\"@type\":\"ReadAction\",\"target\":[\"https:\\\/\\\/thebrandcc.com\\\/about\\\/\"]}]},{\"@type\":\"BreadcrumbList\",\"@id\":\"https:\\\/\\\/thebrandcc.com\\\/about\\\/#breadcrumb\",\"itemListElement\":[{\"@type\":\"ListItem\",\"position\":1,\"name\":\"Home\",\"item\":\"https:\\\/\\\/thebrandcc.com\\\/\"},{\"@type\":\"ListItem\",\"position\":2,\"name\":\"About\"}]},{\"@type\":\"WebSite\",\"@id\":\"https:\\\/\\\/thebrandcc.com\\\/#website\",\"url\":\"https:\\\/\\\/thebrandcc.com\\\/\",\"name\":\"The Brand Creative Co\",\"description\":\"Branding Agency\",\"potentialAction\":[{\"@type\":\"SearchAction\",\"target\":{\"@type\":\"EntryPoint\",\"urlTemplate\":\"https:\\\/\\\/thebrandcc.com\\\/?s={search_term_string}\"},\"query-input\":{\"@type\":\"PropertyValueSpecification\",\"valueRequired\":true,\"valueName\":\"search_term_string\"}}],\"inLanguage\":\"es-AR\"}]}<\/script>\n<!-- \/ Yoast SEO plugin. -->","yoast_head_json":{"title":"About - The Brand Creative Co","robots":{"index":"index","follow":"follow","max-snippet":"max-snippet:-1","max-image-preview":"max-image-preview:large","max-video-preview":"max-video-preview:-1"},"canonical":"https:\/\/thebrandcc.com\/es\/about\/","og_locale":"es_ES","og_type":"article","og_title":"About - The Brand Creative Co","og_description":"We turn ideas into identities, and visions into unforgettable brands. We turn ideas into identities, and visions into unforgettable brands. We come together for one reason: Branding that works. At The Brand Creative Co., we\u2019re specialists in building strong, strategic identities that connect. We\u2019ve spent over two decades creating design across disciplines \u2014 from print [&hellip;]","og_url":"https:\/\/thebrandcc.com\/es\/about\/","og_site_name":"The Brand Creative Co","article_modified_time":"2025-07-18T01:39:22+00:00","twitter_card":"summary_large_image","twitter_misc":{"Tiempo de lectura":"1 minuto"},"schema":{"@context":"https:\/\/schema.org","@graph":[{"@type":"WebPage","@id":"https:\/\/thebrandcc.com\/about\/","url":"https:\/\/thebrandcc.com\/about\/","name":"About - The Brand Creative Co","isPartOf":{"@id":"https:\/\/thebrandcc.com\/#website"},"datePublished":"2016-09-13T13:16:23+00:00","dateModified":"2025-07-18T01:39:22+00:00","breadcrumb":{"@id":"https:\/\/thebrandcc.com\/about\/#breadcrumb"},"inLanguage":"es-AR","potentialAction":[{"@type":"ReadAction","target":["https:\/\/thebrandcc.com\/about\/"]}]},{"@type":"BreadcrumbList","@id":"https:\/\/thebrandcc.com\/about\/#breadcrumb","itemListElement":[{"@type":"ListItem","position":1,"name":"Home","item":"https:\/\/thebrandcc.com\/"},{"@type":"ListItem","position":2,"name":"About"}]},{"@type":"WebSite","@id":"https:\/\/thebrandcc.com\/#website","url":"https:\/\/thebrandcc.com\/","name":"The Brand Creative Co","description":"Branding Agency","potentialAction":[{"@type":"SearchAction","target":{"@type":"EntryPoint","urlTemplate":"https:\/\/thebrandcc.com\/?s={search_term_string}"},"query-input":{"@type":"PropertyValueSpecification","valueRequired":true,"valueName":"search_term_string"}}],"inLanguage":"es-AR"}]}},"_links":{"self":[{"href":"http:\/\/thebrandcc.com\/es\/wp-json\/wp\/v2\/pages\/22","targetHints":{"allow":["GET"]}}],"collection":[{"href":"http:\/\/thebrandcc.com\/es\/wp-json\/wp\/v2\/pages"}],"about":[{"href":"http:\/\/thebrandcc.com\/es\/wp-json\/wp\/v2\/types\/page"}],"author":[{"embeddable":true,"href":"http:\/\/thebrandcc.com\/es\/wp-json\/wp\/v2\/users\/1"}],"replies":[{"embeddable":true,"href":"http:\/\/thebrandcc.com\/es\/wp-json\/wp\/v2\/comments?post=22"}],"version-history":[{"count":316,"href":"http:\/\/thebrandcc.com\/es\/wp-json\/wp\/v2\/pages\/22\/revisions"}],"predecessor-version":[{"id":4590,"href":"http:\/\/thebrandcc.com\/es\/wp-json\/wp\/v2\/pages\/22\/revisions\/4590"}],"wp:attachment":[{"href":"http:\/\/thebrandcc.com\/es\/wp-json\/wp\/v2\/media?parent=22"}],"curies":[{"name":"wp","href":"https:\/\/api.w.org\/{rel}","templated":true}]}}